{"id":307,"date":"2026-03-22T16:02:15","date_gmt":"2026-03-22T16:02:15","guid":{"rendered":"https:\/\/www.mrwilsonsubastas.com\/?page_id=307"},"modified":"2026-03-22T16:17:33","modified_gmt":"2026-03-22T16:17:33","slug":"nosotros","status":"publish","type":"page","link":"https:\/\/www.mrwilsonsubastas.com\/en\/nosotros\/","title":{"rendered":"Nosotros"},"content":{"rendered":"<div class=\"wp-block-group alignfull is-layout-flow wp-container-core-group-is-layout-a77db08e wp-block-group-is-layout-flow\">\n<div class=\"wp-block-group alignfull wc-blocks-pattern-header-large wc-blocks-header-pattern is-layout-flow wp-block-group-is-layout-flow\" style=\"padding-top:24px;padding-right:40px;padding-bottom:24px;padding-left:40px\">\n<div class=\"wp-block-group alignfull is-layout-flow wp-block-group-is-layout-flow\">\n<div class=\"wp-block-columns alignfull is-not-stacked-on-mobile is-layout-flex wp-container-core-columns-is-layout-28f84493 wp-block-columns-is-layout-flex\">\n<div class=\"wp-block-column is-vertically-aligned-center is-layout-flow wp-block-column-is-layout-flow\" style=\"flex-basis:70%\"><\/div>\n\n\n\n<div class=\"wp-block-column is-vertically-aligned-center is-layout-flow wp-block-column-is-layout-flow\">\n<div class=\"wp-block-buttons is-layout-flex wp-block-buttons-is-layout-flex\"><\/div>\n<\/div>\n\n\n\n<div class=\"wp-block-column is-vertically-aligned-center is-layout-flow wp-block-column-is-layout-flow\">\n<div class=\"wp-block-buttons is-content-justification-center is-layout-flex wp-container-core-buttons-is-layout-5b5683f2 wp-block-buttons-is-layout-flex\"><\/div>\n<\/div>\n\n\n\n<div class=\"wp-block-column is-vertically-aligned-center is-layout-flow wp-block-column-is-layout-flow\">\n<div class=\"wp-block-group is-content-justification-right is-nowrap is-layout-flex wp-container-core-group-is-layout-65510bc6 wp-block-group-is-layout-flex\">\n<div class=\"wp-block-columns is-layout-flex wp-container-core-columns-is-layout-28f84493 wp-block-columns-is-layout-flex\">\n<div class=\"wp-block-column is-layout-flow wp-block-column-is-layout-flow\" style=\"flex-basis:100%\"><div data-block-name=\"woocommerce\/customer-account\" data-display-style=\"icon_only\" data-icon-class=\"wc-block-customer-account__account-icon\" data-icon-style=\"alt\" class='wp-block-woocommerce-customer-account' style=''>\n\t\t\t<a aria-label=\"Login\" href='https:\/\/www.mrwilsonsubastas.com\/en\/?page_id=37' data-no-translation-aria-label=\"\">\n\t\t\t\t<svg class=\"wc-block-customer-account__account-icon\" xmlns=\"http:\/\/www.w3.org\/2000\/svg\" viewbox=\"-4 -4 25 25\">\n\t\t\t\t<path d=\"M9 0C4.03579 0 0 4.03579 0 9C0 13.9642 4.03579 18 9 18C13.9642 18 18 13.9642 18 9C18 4.03579 13.9642 0 9 0ZM9 4.32C10.5347 4.32 11.7664 5.57056 11.7664 7.08638C11.7664 8.62109 10.5158 9.85277 9 9.85277C7.4653 9.85277 6.23362 8.60221 6.23362 7.08638C6.23362 5.57056 7.46526 4.32 9 4.32ZM9 10.7242C11.1221 10.7242 12.96 12.2021 13.7937 14.4189C12.5242 15.5559 10.8379 16.238 9 16.238C7.16207 16.238 5.49474 15.5369 4.20632 14.4189C5.05891 12.2021 6.87793 10.7242 9 10.7242Z\" fill=\"currentColor\" \/>\n\t\t\t<\/svg>\n\t\t\t<\/a>\n\t\t<\/div><\/div>\n<\/div>\n<\/div>\n<\/div>\n<\/div>\n<\/div>\n\n\n\n<div class=\"wp-block-group alignfull is-content-justification-space-between is-nowrap is-layout-flex wp-container-core-group-is-layout-cb46ffcb wp-block-group-is-layout-flex\"><nav class=\"wp-block-navigation is-layout-flex wp-block-navigation-is-layout-flex\" aria-label=\"Men\u00fa Cabecera 2\"><ul class=\"wp-block-navigation__container  wp-block-navigation\"><li class=\"wp-block-navigation-item wp-block-navigation-link\"><a class=\"wp-block-navigation-item__content\"  href=\"https:\/\/www.mrwilsonsubastas.com\/en\/nosotros\/\"><span class=\"wp-block-navigation-item__label\">Nosotros<\/span><\/a><\/li><li data-wp-context=\"{ &quot;submenuOpenedBy&quot;: { &quot;click&quot;: false, &quot;hover&quot;: false, &quot;focus&quot;: false }, &quot;type&quot;: &quot;submenu&quot;, &quot;modal&quot;: null, &quot;previousFocus&quot;: null }\" data-wp-interactive=\"core\/navigation\" data-wp-on--focusout=\"actions.handleMenuFocusout\" data-wp-on--keydown=\"actions.handleMenuKeydown\" data-wp-on--mouseenter=\"actions.openMenuOnHover\" data-wp-on--mouseleave=\"actions.closeMenuOnHover\" data-wp-watch=\"callbacks.initMenu\" tabindex=\"-1\" class=\"wp-block-navigation-item has-child open-on-hover-click wp-block-navigation-submenu\"><a class=\"wp-block-navigation-item__content\" href=\"https:\/\/www.mrwilsonsubastas.com\/en\/subastas\/\"><span class=\"wp-block-navigation-item__label\">Subastas<\/span><\/a><button data-wp-bind--aria-expanded=\"state.isMenuOpen\" data-wp-on--click=\"actions.toggleMenuOnClick\" aria-label=\"Subastas submenu\" class=\"wp-block-navigation__submenu-icon wp-block-navigation-submenu__toggle\" ><svg xmlns=\"http:\/\/www.w3.org\/2000\/svg\" width=\"12\" height=\"12\" viewbox=\"0 0 12 12\" fill=\"none\" aria-hidden=\"true\" focusable=\"false\"><path d=\"M1.50002 4L6.00002 8L10.5 4\" stroke-width=\"1.5\"><\/path><\/svg><\/button><ul data-wp-on--focus=\"actions.openMenuOnFocus\" class=\"wp-block-navigation__submenu-container wp-block-navigation-submenu\"><li class=\"wp-block-navigation-item wp-block-navigation-link has-small-font-size\"><a class=\"wp-block-navigation-item__content\"  href=\"https:\/\/www.mrwilsonsubastas.com\/en\/d\/\"><span class=\"wp-block-navigation-item__label\">Catalogo Online<\/span><\/a><\/li><\/ul><\/li><li class=\"wp-block-navigation-item wp-block-navigation-link\"><a class=\"wp-block-navigation-item__content\"  href=\"https:\/\/www.mrwilsonsubastas.com\/en\/pujar\/\"><span class=\"wp-block-navigation-item__label\">Pujar<\/span><\/a><\/li><li class=\"wp-block-navigation-item wp-block-navigation-link\"><a class=\"wp-block-navigation-item__content\"  href=\"https:\/\/www.mrwilsonsubastas.com\/en\/vender\/\"><span class=\"wp-block-navigation-item__label\">Vender<\/span><\/a><\/li><li class=\"wp-block-navigation-item wp-block-navigation-link\"><a class=\"wp-block-navigation-item__content\"  href=\"https:\/\/www.mrwilsonsubastas.com\/en\/valoraciones\/\"><span class=\"wp-block-navigation-item__label\">Valoraciones<\/span><\/a><\/li><li class=\"wp-block-navigation-item wp-block-navigation-link\"><a class=\"wp-block-navigation-item__content\"  href=\"https:\/\/www.mrwilsonsubastas.com\/en\/venta-directa\/\"><span class=\"wp-block-navigation-item__label\">Venta Directa<\/span><\/a><\/li><\/ul><\/nav>\n\n\n<div class=\"wp-block-group has-global-padding is-layout-constrained wp-container-core-group-is-layout-7db9d80f wp-block-group-is-layout-constrained\" style=\"padding-right:0;padding-left:0\"><form role=\"search\" method=\"get\" action=\"https:\/\/www.mrwilsonsubastas.com\/en\/\" style=\"margin-top:0;margin-bottom:0;\" class=\"wp-block-search__button-outside wp-block-search__icon-button wp-block-search\" data-trp-original-action=\"https:\/\/www.mrwilsonsubastas.com\/en\/\"    ><label class=\"wp-block-search__label screen-reader-text\" for=\"wp-block-search__input-1\" >Search<\/label><div class=\"wp-block-search__inside-wrapper\"  style=\"width: 220px\"><input class=\"wp-block-search__input has-small-font-size\" id=\"wp-block-search__input-1\" placeholder=\"Buscar\" value=\"\" type=\"search\" name=\"s\" required style=\"border-width: 2px;border-radius: 0px\"\/><input type=\"hidden\" name=\"post_type\" value=\"product\" \/><button aria-label=\"Buscar\" class=\"wp-block-search__button has-small-font-size has-icon wp-element-button\" type=\"submit\"  style=\"border-width: 2px;border-radius: 0px\"><svg class=\"search-icon\" viewbox=\"0 0 24 24\" width=\"24\" height=\"24\">\n\t\t\t\t\t<path d=\"M13 5c-3.3 0-6 2.7-6 6 0 1.4.5 2.7 1.3 3.7l-3.8 3.8 1.1 1.1 3.8-3.8c1 .8 2.3 1.3 3.7 1.3 3.3 0 6-2.7 6-6S16.3 5 13 5zm0 10.5c-2.5 0-4.5-2-4.5-4.5s2-4.5 4.5-4.5 4.5 2 4.5 4.5-2 4.5-4.5 4.5z\"><\/path>\n\t\t\t\t<\/svg><\/button><\/div><input type=\"hidden\" name=\"trp-form-language\" value=\"en\"\/><\/form><\/div>\n<\/div>\n<\/div>\n<\/div>\n\n\n\n<main class=\"wp-block-group alignfull has-global-padding is-layout-constrained wp-container-core-group-is-layout-19e250f3 wp-block-group-is-layout-constrained\">\n<div class=\"wp-block-columns is-layout-flex wp-container-core-columns-is-layout-28f84493 wp-block-columns-is-layout-flex\">\n<div class=\"wp-block-column is-layout-flow wp-block-column-is-layout-flow\" style=\"flex-basis:100%\">\n<div class=\"wp-block-group alignfull has-global-padding is-layout-constrained wp-container-core-group-is-layout-3b0f2f7d wp-block-group-is-layout-constrained\" id=\"wens-prova-featured-button\" style=\"padding-right:20px;padding-left:20px\"><\/div>\n<\/div>\n<\/div>\n\n\n<footer class=\"alignwide wp-block-template-part\">\n<p><strong>El lienzo est\u00e1 casi listo.<\/strong><\/p>\n<\/footer><\/main>\n\n\n\n<div class=\"wp-block-group alignfull has-base-color has-black-background-color has-text-color has-background has-link-color wp-elements-f8d7ced2c28daf89603b0f4e88c8ae39 is-nowrap is-layout-flex wp-container-core-group-is-layout-0b474d62 wp-block-group-is-layout-flex\" style=\"padding-top:60px;padding-right:20px;padding-bottom:30px;padding-left:20px\">\n\n\n<div class=\"wp-block-columns alignwide is-layout-flex wp-container-core-columns-is-layout-28f84493 wp-block-columns-is-layout-flex\">\n<div class=\"wp-block-column is-layout-flow wp-block-column-is-layout-flow\">\n<div class=\"wp-block-group has-global-padding is-layout-constrained wp-container-core-group-is-layout-92b9201d wp-block-group-is-layout-constrained\">\n<figure class=\"wp-block-image size-large\"><img fetchpriority=\"high\" decoding=\"async\" width=\"1024\" height=\"576\" src=\"https:\/\/mrwilsonsubastas.com\/wp-content\/uploads\/2026\/02\/Mr-Wilson-2-1-1024x576.jpg\" alt=\"\" class=\"wp-image-98\" srcset=\"https:\/\/www.mrwilsonsubastas.com\/wp-content\/uploads\/2026\/02\/Mr-Wilson-2-1-1024x576.jpg 1024w, https:\/\/www.mrwilsonsubastas.com\/wp-content\/uploads\/2026\/02\/Mr-Wilson-2-1-600x338.jpg 600w, https:\/\/www.mrwilsonsubastas.com\/wp-content\/uploads\/2026\/02\/Mr-Wilson-2-1-300x169.jpg 300w, https:\/\/www.mrwilsonsubastas.com\/wp-content\/uploads\/2026\/02\/Mr-Wilson-2-1-768x432.jpg 768w, https:\/\/www.mrwilsonsubastas.com\/wp-content\/uploads\/2026\/02\/Mr-Wilson-2-1-1536x864.jpg 1536w, https:\/\/www.mrwilsonsubastas.com\/wp-content\/uploads\/2026\/02\/Mr-Wilson-2-1.jpg 1920w\" sizes=\"(max-width: 1024px) 100vw, 1024px\" \/><\/figure>\n<\/div>\n<\/div>\n\n\n\n<div class=\"wp-block-column is-layout-flow wp-block-column-is-layout-flow\">\n<div class=\"wp-block-group has-global-padding is-layout-constrained wp-container-core-group-is-layout-92b9201d wp-block-group-is-layout-constrained\" style=\"font-size:clamp(14px, 0.875rem + ((1vw - 3.2px) * 0.2), 16px);\">\n<p style=\"font-size:clamp(14px, 0.875rem + ((1vw - 3.2px) * 0.4), 18px);\"><strong>Compa\u00f1\u00eda<\/strong><\/p>\n\n\n\n<p><a href=\"https:\/\/www.mrwilsonsubastas.com\/en\/sample-page\/\" data-type=\"page\" data-id=\"2\">Sobre nosotros<\/a><\/p>\n\n\n\n<p>Carreras<\/p>\n\n\n\n<p>T\u00e9rminos de uso<\/p>\n\n\n\n<p>Declaraci\u00f3n de privacidad<\/p>\n\n\n\n<p>Danos tu opini\u00f3n<\/p>\n<\/div>\n<\/div>\n\n\n\n<div class=\"wp-block-column is-layout-flow wp-block-column-is-layout-flow\">\n<div class=\"wp-block-group has-global-padding is-layout-constrained wp-container-core-group-is-layout-92b9201d wp-block-group-is-layout-constrained\" style=\"font-size:clamp(14px, 0.875rem + ((1vw - 3.2px) * 0.2), 16px);\">\n<p style=\"font-size:clamp(14px, 0.875rem + ((1vw - 3.2px) * 0.4), 18px);\"><strong>Otros servicios<\/strong><\/p>\n\n\n\n<p>Relaciones con inversores<\/p>\n\n\n\n<p>Programa de premios<\/p>\n\n\n\n<p>Points Plus<\/p>\n\n\n\n<p>Subastas<\/p>\n\n\n\n<p>Como comprar<\/p>\n<\/div>\n<\/div>\n\n\n\n<div class=\"wp-block-column is-layout-flow wp-block-column-is-layout-flow\">\n<div class=\"wp-block-group has-global-padding is-layout-constrained wp-container-core-group-is-layout-92b9201d wp-block-group-is-layout-constrained\" style=\"font-size:clamp(14px, 0.875rem + ((1vw - 3.2px) * 0.2), 16px);\">\n<p style=\"font-size:clamp(14px, 0.875rem + ((1vw - 3.2px) * 0.4), 18px);\"><strong>Soporte<\/strong><\/p>\n\n\n\n<p>Cuenta<\/p>\n\n\n\n<p>Legal<\/p>\n\n\n\n<p>Contacto<\/p>\n\n\n\n<p>Programa de usuarios<\/p>\n\n\n\n<p>Pol\u00edtica de privacidad<\/p>\n<\/div>\n<\/div>\n<\/div>\n<\/div>\n\n\n\n<ul class=\"wp-block-social-links aligncenter has-icon-color is-style-logos-only is-layout-flex wp-container-core-social-links-is-layout-a446ad33 wp-block-social-links-is-layout-flex\" style=\"margin-top:0px;margin-bottom:0px\"><li style=\"color:var(--wp--preset--color--contrast, #111111);\" class=\"wp-social-link wp-social-link-instagram has-contrast-color wp-block-social-link\"><a href=\"https:\/\/www.instagram.com\" class=\"wp-block-social-link-anchor\"><svg width=\"24\" height=\"24\" viewbox=\"0 0 24 24\" version=\"1.1\" xmlns=\"http:\/\/www.w3.org\/2000\/svg\" aria-hidden=\"true\" focusable=\"false\"><path d=\"M12,4.622c2.403,0,2.688,0.009,3.637,0.052c0.877,0.04,1.354,0.187,1.671,0.31c0.42,0.163,0.72,0.358,1.035,0.673 c0.315,0.315,0.51,0.615,0.673,1.035c0.123,0.317,0.27,0.794,0.31,1.671c0.043,0.949,0.052,1.234,0.052,3.637 s-0.009,2.688-0.052,3.637c-0.04,0.877-0.187,1.354-0.31,1.671c-0.163,0.42-0.358,0.72-0.673,1.035 c-0.315,0.315-0.615,0.51-1.035,0.673c-0.317,0.123-0.794,0.27-1.671,0.31c-0.949,0.043-1.233,0.052-3.637,0.052 s-2.688-0.009-3.637-0.052c-0.877-0.04-1.354-0.187-1.671-0.31c-0.42-0.163-0.72-0.358-1.035-0.673 c-0.315-0.315-0.51-0.615-0.673-1.035c-0.123-0.317-0.27-0.794-0.31-1.671C4.631,14.688,4.622,14.403,4.622,12 s0.009-2.688,0.052-3.637c0.04-0.877,0.187-1.354,0.31-1.671c0.163-0.42,0.358-0.72,0.673-1.035 c0.315-0.315,0.615-0.51,1.035-0.673c0.317-0.123,0.794-0.27,1.671-0.31C9.312,4.631,9.597,4.622,12,4.622 M12,3 C9.556,3,9.249,3.01,8.289,3.054C7.331,3.098,6.677,3.25,6.105,3.472C5.513,3.702,5.011,4.01,4.511,4.511 c-0.5,0.5-0.808,1.002-1.038,1.594C3.25,6.677,3.098,7.331,3.054,8.289C3.01,9.249,3,9.556,3,12c0,2.444,0.01,2.751,0.054,3.711 c0.044,0.958,0.196,1.612,0.418,2.185c0.23,0.592,0.538,1.094,1.038,1.594c0.5,0.5,1.002,0.808,1.594,1.038 c0.572,0.222,1.227,0.375,2.185,0.418C9.249,20.99,9.556,21,12,21s2.751-0.01,3.711-0.054c0.958-0.044,1.612-0.196,2.185-0.418 c0.592-0.23,1.094-0.538,1.594-1.038c0.5-0.5,0.808-1.002,1.038-1.594c0.222-0.572,0.375-1.227,0.418-2.185 C20.99,14.751,21,14.444,21,12s-0.01-2.751-0.054-3.711c-0.044-0.958-0.196-1.612-0.418-2.185c-0.23-0.592-0.538-1.094-1.038-1.594 c-0.5-0.5-1.002-0.808-1.594-1.038c-0.572-0.222-1.227-0.375-2.185-0.418C14.751,3.01,14.444,3,12,3L12,3z M12,7.378 c-2.552,0-4.622,2.069-4.622,4.622S9.448,16.622,12,16.622s4.622-2.069,4.622-4.622S14.552,7.378,12,7.378z M12,15 c-1.657,0-3-1.343-3-3s1.343-3,3-3s3,1.343,3,3S13.657,15,12,15z M16.804,6.116c-0.596,0-1.08,0.484-1.08,1.08 s0.484,1.08,1.08,1.08c0.596,0,1.08-0.484,1.08-1.08S17.401,6.116,16.804,6.116z\"><\/path><\/svg><span class=\"wp-block-social-link-label screen-reader-text\">Instagram<\/span><\/a><\/li>\n\n<li style=\"color:var(--wp--preset--color--contrast, #111111);\" class=\"wp-social-link wp-social-link-facebook has-contrast-color wp-block-social-link\"><a href=\"https:\/\/www.facebook.com\" class=\"wp-block-social-link-anchor\"><svg width=\"24\" height=\"24\" viewbox=\"0 0 24 24\" version=\"1.1\" xmlns=\"http:\/\/www.w3.org\/2000\/svg\" aria-hidden=\"true\" focusable=\"false\"><path d=\"M12 2C6.5 2 2 6.5 2 12c0 5 3.7 9.1 8.4 9.9v-7H7.9V12h2.5V9.8c0-2.5 1.5-3.9 3.8-3.9 1.1 0 2.2.2 2.2.2v2.5h-1.3c-1.2 0-1.6.8-1.6 1.6V12h2.8l-.4 2.9h-2.3v7C18.3 21.1 22 17 22 12c0-5.5-4.5-10-10-10z\"><\/path><\/svg><span class=\"wp-block-social-link-label screen-reader-text\">Facebook<\/span><\/a><\/li>\n\n<li style=\"color:var(--wp--preset--color--contrast, #111111);\" class=\"wp-social-link wp-social-link-whatsapp has-contrast-color wp-block-social-link\"><a href=\"https:\/\/www.whatsapp.com\/?lang=es\" class=\"wp-block-social-link-anchor\"><svg width=\"24\" height=\"24\" viewbox=\"0 0 24 24\" version=\"1.1\" xmlns=\"http:\/\/www.w3.org\/2000\/svg\" aria-hidden=\"true\" focusable=\"false\"><path d=\"M 12.011719 2 C 6.5057187 2 2.0234844 6.478375 2.0214844 11.984375 C 2.0204844 13.744375 2.4814687 15.462563 3.3554688 16.976562 L 2 22 L 7.2324219 20.763672 C 8.6914219 21.559672 10.333859 21.977516 12.005859 21.978516 L 12.009766 21.978516 C 17.514766 21.978516 21.995047 17.499141 21.998047 11.994141 C 22.000047 9.3251406 20.962172 6.8157344 19.076172 4.9277344 C 17.190172 3.0407344 14.683719 2.001 12.011719 2 z M 12.009766 4 C 14.145766 4.001 16.153109 4.8337969 17.662109 6.3417969 C 19.171109 7.8517969 20.000047 9.8581875 19.998047 11.992188 C 19.996047 16.396187 16.413812 19.978516 12.007812 19.978516 C 10.674812 19.977516 9.3544062 19.642812 8.1914062 19.007812 L 7.5175781 18.640625 L 6.7734375 18.816406 L 4.8046875 19.28125 L 5.2851562 17.496094 L 5.5019531 16.695312 L 5.0878906 15.976562 C 4.3898906 14.768562 4.0204844 13.387375 4.0214844 11.984375 C 4.0234844 7.582375 7.6067656 4 12.009766 4 z M 8.4765625 7.375 C 8.3095625 7.375 8.0395469 7.4375 7.8105469 7.6875 C 7.5815469 7.9365 6.9355469 8.5395781 6.9355469 9.7675781 C 6.9355469 10.995578 7.8300781 12.182609 7.9550781 12.349609 C 8.0790781 12.515609 9.68175 15.115234 12.21875 16.115234 C 14.32675 16.946234 14.754891 16.782234 15.212891 16.740234 C 15.670891 16.699234 16.690438 16.137687 16.898438 15.554688 C 17.106437 14.971687 17.106922 14.470187 17.044922 14.367188 C 16.982922 14.263188 16.816406 14.201172 16.566406 14.076172 C 16.317406 13.951172 15.090328 13.348625 14.861328 13.265625 C 14.632328 13.182625 14.464828 13.140625 14.298828 13.390625 C 14.132828 13.640625 13.655766 14.201187 13.509766 14.367188 C 13.363766 14.534188 13.21875 14.556641 12.96875 14.431641 C 12.71875 14.305641 11.914938 14.041406 10.960938 13.191406 C 10.218937 12.530406 9.7182656 11.714844 9.5722656 11.464844 C 9.4272656 11.215844 9.5585938 11.079078 9.6835938 10.955078 C 9.7955938 10.843078 9.9316406 10.663578 10.056641 10.517578 C 10.180641 10.371578 10.223641 10.267562 10.306641 10.101562 C 10.389641 9.9355625 10.347156 9.7890625 10.285156 9.6640625 C 10.223156 9.5390625 9.737625 8.3065 9.515625 7.8125 C 9.328625 7.3975 9.131125 7.3878594 8.953125 7.3808594 C 8.808125 7.3748594 8.6425625 7.375 8.4765625 7.375 z\"><\/path><\/svg><span class=\"wp-block-social-link-label screen-reader-text\">WhatsApp<\/span><\/a><\/li><\/ul>\n\n\n\n<div class=\"wp-block-group alignwide has-global-padding is-layout-constrained wp-block-group-is-layout-constrained\" style=\"border-top-color:#f2f2f2;border-top-width:1px;margin-top:40px;padding-top:20px;font-size:clamp(14px, 0.875rem + ((1vw - 3.2px) * 0.2), 16px);\">\n<p class=\"has-text-align-center\">Copyright @ 2026 www.mrwilsonsubastas.com , todos los derechos reservados.<\/p>\n<\/div>","protected":false},"excerpt":{"rendered":"<p>Compa\u00f1\u00eda Sobre nosotros Carreras T\u00e9rminos de uso Declaraci\u00f3n de privacidad Danos tu opini\u00f3n Otros servicios Relaciones con inversores Programa de premios Points Plus Subastas Como comprar Soporte Cuenta Legal Contacto Programa de usuarios Pol\u00edtica de privacidad Copyright @ 2026 www.mrwilsonsubastas.com , todos los derechos reservados.<\/p>","protected":false},"author":1,"featured_media":0,"parent":0,"menu_order":0,"comment_status":"closed","ping_status":"closed","template":"no-title","meta":{"footnotes":""},"class_list":["post-307","page","type-page","status-publish","hentry"],"_links":{"self":[{"href":"https:\/\/www.mrwilsonsubastas.com\/en\/wp-json\/wp\/v2\/pages\/307","targetHints":{"allow":["GET"]}}],"collection":[{"href":"https:\/\/www.mrwilsonsubastas.com\/en\/wp-json\/wp\/v2\/pages"}],"about":[{"href":"https:\/\/www.mrwilsonsubastas.com\/en\/wp-json\/wp\/v2\/types\/page"}],"author":[{"embeddable":true,"href":"https:\/\/www.mrwilsonsubastas.com\/en\/wp-json\/wp\/v2\/users\/1"}],"replies":[{"embeddable":true,"href":"https:\/\/www.mrwilsonsubastas.com\/en\/wp-json\/wp\/v2\/comments?post=307"}],"version-history":[{"count":1,"href":"https:\/\/www.mrwilsonsubastas.com\/en\/wp-json\/wp\/v2\/pages\/307\/revisions"}],"predecessor-version":[{"id":308,"href":"https:\/\/www.mrwilsonsubastas.com\/en\/wp-json\/wp\/v2\/pages\/307\/revisions\/308"}],"wp:attachment":[{"href":"https:\/\/www.mrwilsonsubastas.com\/en\/wp-json\/wp\/v2\/media?parent=307"}],"curies":[{"name":"wp","href":"https:\/\/api.w.org\/{rel}","templated":true}]}}